{"id":881,"date":"2014-12-12T14:37:41","date_gmt":"2014-12-12T13:37:41","guid":{"rendered":"http:\/\/halfmarathon.poznan.pl\/en\/?page_id=881"},"modified":"2016-12-02T11:01:34","modified_gmt":"2016-12-02T10:01:34","slug":"2014-2","status":"publish","type":"page","link":"https:\/\/halfmarathon.poznan.pl\/en\/history-2\/2014-2\/","title":{"rendered":"2014"},"content":{"rendered":"<h3>7.Pozna\u0144 Half Marathon Medal<\/h3>\n<table class=\"light\">\n<tbody>\n<tr>\n<td style=\"width: 100%; text-align: center;\"><a title=\"Medal 7. Pozna\u0144 P\u00f3\u0142maraton\" href=\"\/wp-content\/uploads\/2015\/12\/Medal-7.Pozna\u0144-P\u00f3\u0142maraton-2014.jpg\"><img decoding=\"async\" style=\"width: 220px;\" title=\"Medal 7. Pozna\u0144 P\u00f3\u0142maraton\" alt=\"Medal 7. Pozna\u0144 P\u00f3\u0142maraton\" src=\"\/wp-content\/uploads\/2015\/12\/Medal-7.Pozna\u0144-P\u00f3\u0142maraton-2014.jpg\" width=\"220\" \/><\/a><\/td>\n<\/tr>\n<\/tbody>\n<\/table>\n<h3>Gallery:<\/h3>\n<table class=\"light\">\n<tbody>\n<tr>\n<td style=\"width: 100%; text-align: center;\">\n\t\t<style type=\"text\/css\">\n\t\t\t#gallery-1 {\n\t\t\t\tmargin: auto;\n\t\t\t}\n\t\t\t#gallery-1 .gallery-item {\n\t\t\t\tfloat: left;\n\t\t\t\tmargin-top: 10px;\n\t\t\t\ttext-align: center;\n\t\t\t\twidth: 33%;\n\t\t\t}\n\t\t\t#gallery-1 img {\n\t\t\t\tborder: 2px solid #cfcfcf;\n\t\t\t}\n\t\t\t#gallery-1 .gallery-caption {\n\t\t\t\tmargin-left: 0;\n\t\t\t}\n\t\t\t\/* see gallery_shortcode() in wp-includes\/media.php *\/\n\t\t<\/style>\n\t\t<div id='gallery-1' class='gallery galleryid-881 gallery-columns-3 gallery-size-thumbnail'><dl class='gallery-item'>\n\t\t\t<dt class='gallery-icon landscape'>\n\t\t\t\t<a href='https:\/\/halfmarathon.poznan.pl\/en\/wp-content\/uploads\/2015\/12\/7.-Pozna\u0144-P\u00f3\u0142maraton-2014.-Foto-Marek-Zakrzewski-1.jpg'><img width=\"150\" height=\"75\" src=\"https:\/\/halfmarathon.poznan.pl\/en\/wp-content\/uploads\/2015\/12\/7.-Pozna\u0144-P\u00f3\u0142maraton-2014.-Foto-Marek-Zakrzewski-1-150x75.jpg\" class=\"attachment-thumbnail size-thumbnail\" alt=\"\" decoding=\"async\" loading=\"lazy\" srcset=\"https:\/\/halfmarathon.poznan.pl\/en\/wp-content\/uploads\/2015\/12\/7.-Pozna\u0144-P\u00f3\u0142maraton-2014.-Foto-Marek-Zakrzewski-1-150x75.jpg 150w, https:\/\/halfmarathon.poznan.pl\/en\/wp-content\/uploads\/2015\/12\/7.-Pozna\u0144-P\u00f3\u0142maraton-2014.-Foto-Marek-Zakrzewski-1-2000x1000.jpg 2000w, https:\/\/halfmarathon.poznan.pl\/en\/wp-content\/uploads\/2015\/12\/7.-Pozna\u0144-P\u00f3\u0142maraton-2014.-Foto-Marek-Zakrzewski-1-1230x615.jpg 1230w\" sizes=\"(max-width: 150px) 100vw, 150px\" \/><\/a>\n\t\t\t<\/dt><\/dl><dl class='gallery-item'>\n\t\t\t<dt class='gallery-icon landscape'>\n\t\t\t\t<a href='https:\/\/halfmarathon.poznan.pl\/en\/wp-content\/uploads\/2015\/12\/7.-Pozna\u0144-P\u00f3\u0142maraton-2014.-Foto-jakub-Kaczmarczyk.jpg'><img width=\"150\" height=\"99\" src=\"https:\/\/halfmarathon.poznan.pl\/en\/wp-content\/uploads\/2015\/12\/7.-Pozna\u0144-P\u00f3\u0142maraton-2014.-Foto-jakub-Kaczmarczyk-150x99.jpg\" class=\"attachment-thumbnail size-thumbnail\" alt=\"\" decoding=\"async\" loading=\"lazy\" srcset=\"https:\/\/halfmarathon.poznan.pl\/en\/wp-content\/uploads\/2015\/12\/7.-Pozna\u0144-P\u00f3\u0142maraton-2014.-Foto-jakub-Kaczmarczyk-150x99.jpg 150w, https:\/\/halfmarathon.poznan.pl\/en\/wp-content\/uploads\/2015\/12\/7.-Pozna\u0144-P\u00f3\u0142maraton-2014.-Foto-jakub-Kaczmarczyk-2000x1330.jpg 2000w, https:\/\/halfmarathon.poznan.pl\/en\/wp-content\/uploads\/2015\/12\/7.-Pozna\u0144-P\u00f3\u0142maraton-2014.-Foto-jakub-Kaczmarczyk-1230x818.jpg 1230w\" sizes=\"(max-width: 150px) 100vw, 150px\" \/><\/a>\n\t\t\t<\/dt><\/dl><dl class='gallery-item'>\n\t\t\t<dt class='gallery-icon landscape'>\n\t\t\t\t<a href='https:\/\/halfmarathon.poznan.pl\/en\/wp-content\/uploads\/2015\/12\/7.-Pozna\u0144-P\u00f3\u0142maraton-2014.-Foto-Adam-Ciereszko-1.jpg'><img width=\"150\" height=\"100\" src=\"https:\/\/halfmarathon.poznan.pl\/en\/wp-content\/uploads\/2015\/12\/7.-Pozna\u0144-P\u00f3\u0142maraton-2014.-Foto-Adam-Ciereszko-1-150x100.jpg\" class=\"attachment-thumbnail size-thumbnail\" alt=\"\" decoding=\"async\" loading=\"lazy\" srcset=\"https:\/\/halfmarathon.poznan.pl\/en\/wp-content\/uploads\/2015\/12\/7.-Pozna\u0144-P\u00f3\u0142maraton-2014.-Foto-Adam-Ciereszko-1-150x100.jpg 150w, https:\/\/halfmarathon.poznan.pl\/en\/wp-content\/uploads\/2015\/12\/7.-Pozna\u0144-P\u00f3\u0142maraton-2014.-Foto-Adam-Ciereszko-1-2000x1333.jpg 2000w, https:\/\/halfmarathon.poznan.pl\/en\/wp-content\/uploads\/2015\/12\/7.-Pozna\u0144-P\u00f3\u0142maraton-2014.-Foto-Adam-Ciereszko-1-1230x820.jpg 1230w\" sizes=\"(max-width: 150px) 100vw, 150px\" \/><\/a>\n\t\t\t<\/dt><\/dl><br style=\"clear: both\" \/><dl class='gallery-item'>\n\t\t\t<dt class='gallery-icon landscape'>\n\t\t\t\t<a href='https:\/\/halfmarathon.poznan.pl\/en\/wp-content\/uploads\/2015\/12\/7.-Pozna\u0144-P\u00f3\u0142maraton-2014.-Foto-Adam-Ciereszko-2.jpg'><img width=\"150\" height=\"100\" src=\"https:\/\/halfmarathon.poznan.pl\/en\/wp-content\/uploads\/2015\/12\/7.-Pozna\u0144-P\u00f3\u0142maraton-2014.-Foto-Adam-Ciereszko-2-150x100.jpg\" class=\"attachment-thumbnail size-thumbnail\" alt=\"\" decoding=\"async\" loading=\"lazy\" srcset=\"https:\/\/halfmarathon.poznan.pl\/en\/wp-content\/uploads\/2015\/12\/7.-Pozna\u0144-P\u00f3\u0142maraton-2014.-Foto-Adam-Ciereszko-2-150x100.jpg 150w, https:\/\/halfmarathon.poznan.pl\/en\/wp-content\/uploads\/2015\/12\/7.-Pozna\u0144-P\u00f3\u0142maraton-2014.-Foto-Adam-Ciereszko-2-2000x1333.jpg 2000w, https:\/\/halfmarathon.poznan.pl\/en\/wp-content\/uploads\/2015\/12\/7.-Pozna\u0144-P\u00f3\u0142maraton-2014.-Foto-Adam-Ciereszko-2-1230x820.jpg 1230w\" sizes=\"(max-width: 150px) 100vw, 150px\" \/><\/a>\n\t\t\t<\/dt><\/dl><dl class='gallery-item'>\n\t\t\t<dt class='gallery-icon landscape'>\n\t\t\t\t<a href='https:\/\/halfmarathon.poznan.pl\/en\/wp-content\/uploads\/2015\/12\/7.-Pozna\u0144-P\u00f3\u0142maraton-2014.-Foto-Marek-Zakrzewski-4.jpg'><img width=\"150\" height=\"100\" src=\"https:\/\/halfmarathon.poznan.pl\/en\/wp-content\/uploads\/2015\/12\/7.-Pozna\u0144-P\u00f3\u0142maraton-2014.-Foto-Marek-Zakrzewski-4-150x100.jpg\" class=\"attachment-thumbnail size-thumbnail\" alt=\"\" decoding=\"async\" loading=\"lazy\" srcset=\"https:\/\/halfmarathon.poznan.pl\/en\/wp-content\/uploads\/2015\/12\/7.-Pozna\u0144-P\u00f3\u0142maraton-2014.-Foto-Marek-Zakrzewski-4-150x100.jpg 150w, https:\/\/halfmarathon.poznan.pl\/en\/wp-content\/uploads\/2015\/12\/7.-Pozna\u0144-P\u00f3\u0142maraton-2014.-Foto-Marek-Zakrzewski-4-2000x1333.jpg 2000w, https:\/\/halfmarathon.poznan.pl\/en\/wp-content\/uploads\/2015\/12\/7.-Pozna\u0144-P\u00f3\u0142maraton-2014.-Foto-Marek-Zakrzewski-4-1230x820.jpg 1230w\" sizes=\"(max-width: 150px) 100vw, 150px\" \/><\/a>\n\t\t\t<\/dt><\/dl><dl class='gallery-item'>\n\t\t\t<dt class='gallery-icon landscape'>\n\t\t\t\t<a href='https:\/\/halfmarathon.poznan.pl\/en\/wp-content\/uploads\/2015\/12\/7.-Pozna\u0144-P\u00f3\u0142maraton-2014.-Foto-Adam-Ciereszko-3.jpg'><img width=\"150\" height=\"100\" src=\"https:\/\/halfmarathon.poznan.pl\/en\/wp-content\/uploads\/2015\/12\/7.-Pozna\u0144-P\u00f3\u0142maraton-2014.-Foto-Adam-Ciereszko-3-150x100.jpg\" class=\"attachment-thumbnail size-thumbnail\" alt=\"\" decoding=\"async\" loading=\"lazy\" srcset=\"https:\/\/halfmarathon.poznan.pl\/en\/wp-content\/uploads\/2015\/12\/7.-Pozna\u0144-P\u00f3\u0142maraton-2014.-Foto-Adam-Ciereszko-3-150x100.jpg 150w, https:\/\/halfmarathon.poznan.pl\/en\/wp-content\/uploads\/2015\/12\/7.-Pozna\u0144-P\u00f3\u0142maraton-2014.-Foto-Adam-Ciereszko-3-2000x1333.jpg 2000w, https:\/\/halfmarathon.poznan.pl\/en\/wp-content\/uploads\/2015\/12\/7.-Pozna\u0144-P\u00f3\u0142maraton-2014.-Foto-Adam-Ciereszko-3-1230x820.jpg 1230w\" sizes=\"(max-width: 150px) 100vw, 150px\" \/><\/a>\n\t\t\t<\/dt><\/dl><br style=\"clear: both\" \/><dl class='gallery-item'>\n\t\t\t<dt class='gallery-icon landscape'>\n\t\t\t\t<a href='https:\/\/halfmarathon.poznan.pl\/en\/wp-content\/uploads\/2015\/12\/7.-Pozna\u0144-P\u00f3\u0142maraton-2014.-Foto-Marek-Zakrzewski-3.jpg'><img width=\"150\" height=\"100\" src=\"https:\/\/halfmarathon.poznan.pl\/en\/wp-content\/uploads\/2015\/12\/7.-Pozna\u0144-P\u00f3\u0142maraton-2014.-Foto-Marek-Zakrzewski-3-150x100.jpg\" class=\"attachment-thumbnail size-thumbnail\" alt=\"\" decoding=\"async\" loading=\"lazy\" srcset=\"https:\/\/halfmarathon.poznan.pl\/en\/wp-content\/uploads\/2015\/12\/7.-Pozna\u0144-P\u00f3\u0142maraton-2014.-Foto-Marek-Zakrzewski-3-150x100.jpg 150w, https:\/\/halfmarathon.poznan.pl\/en\/wp-content\/uploads\/2015\/12\/7.-Pozna\u0144-P\u00f3\u0142maraton-2014.-Foto-Marek-Zakrzewski-3-2000x1333.jpg 2000w, https:\/\/halfmarathon.poznan.pl\/en\/wp-content\/uploads\/2015\/12\/7.-Pozna\u0144-P\u00f3\u0142maraton-2014.-Foto-Marek-Zakrzewski-3-1230x820.jpg 1230w\" sizes=\"(max-width: 150px) 100vw, 150px\" \/><\/a>\n\t\t\t<\/dt><\/dl><dl class='gallery-item'>\n\t\t\t<dt class='gallery-icon landscape'>\n\t\t\t\t<a href='https:\/\/halfmarathon.poznan.pl\/en\/wp-content\/uploads\/2015\/12\/7.-Pozna\u0144-P\u00f3\u0142maraton-2014.-Foto-Adam-Ciereszko-4.jpg'><img width=\"150\" height=\"100\" src=\"https:\/\/halfmarathon.poznan.pl\/en\/wp-content\/uploads\/2015\/12\/7.-Pozna\u0144-P\u00f3\u0142maraton-2014.-Foto-Adam-Ciereszko-4-150x100.jpg\" class=\"attachment-thumbnail size-thumbnail\" alt=\"\" decoding=\"async\" loading=\"lazy\" srcset=\"https:\/\/halfmarathon.poznan.pl\/en\/wp-content\/uploads\/2015\/12\/7.-Pozna\u0144-P\u00f3\u0142maraton-2014.-Foto-Adam-Ciereszko-4-150x100.jpg 150w, https:\/\/halfmarathon.poznan.pl\/en\/wp-content\/uploads\/2015\/12\/7.-Pozna\u0144-P\u00f3\u0142maraton-2014.-Foto-Adam-Ciereszko-4-2000x1333.jpg 2000w, https:\/\/halfmarathon.poznan.pl\/en\/wp-content\/uploads\/2015\/12\/7.-Pozna\u0144-P\u00f3\u0142maraton-2014.-Foto-Adam-Ciereszko-4-1230x820.jpg 1230w\" sizes=\"(max-width: 150px) 100vw, 150px\" \/><\/a>\n\t\t\t<\/dt><\/dl><dl class='gallery-item'>\n\t\t\t<dt class='gallery-icon landscape'>\n\t\t\t\t<a href='https:\/\/halfmarathon.poznan.pl\/en\/wp-content\/uploads\/2015\/12\/7.-Pozna\u0144-P\u00f3\u0142maraton-2014.-Foto-Marek-Zakrzewski-2.jpg'><img width=\"150\" height=\"100\" src=\"https:\/\/halfmarathon.poznan.pl\/en\/wp-content\/uploads\/2015\/12\/7.-Pozna\u0144-P\u00f3\u0142maraton-2014.-Foto-Marek-Zakrzewski-2-150x100.jpg\" class=\"attachment-thumbnail size-thumbnail\" alt=\"\" decoding=\"async\" loading=\"lazy\" srcset=\"https:\/\/halfmarathon.poznan.pl\/en\/wp-content\/uploads\/2015\/12\/7.-Pozna\u0144-P\u00f3\u0142maraton-2014.-Foto-Marek-Zakrzewski-2-150x100.jpg 150w, https:\/\/halfmarathon.poznan.pl\/en\/wp-content\/uploads\/2015\/12\/7.-Pozna\u0144-P\u00f3\u0142maraton-2014.-Foto-Marek-Zakrzewski-2.jpg 1200w\" sizes=\"(max-width: 150px) 100vw, 150px\" \/><\/a>\n\t\t\t<\/dt><\/dl><br style=\"clear: both\" \/>\n\t\t<\/div>\n<\/td>\n<\/tr>\n<\/tbody>\n<\/table>\n<h3>Multimedia:<\/h3>\n<p><center><br \/>\n<iframe loading=\"lazy\" src=\"\/\/www.youtube.com\/embed\/QUxXCxzt6g0?rel=0\" height=\"315\" width=\"560\" allowfullscreen=\"\" frameborder=\"0\"><\/iframe><br \/>\n<iframe loading=\"lazy\" src=\"\/\/www.youtube.com\/embed\/xbSi9HKSgV4?rel=0\" height=\"315\" width=\"560\" allowfullscreen=\"\" frameborder=\"0\"><\/iframe><\/center><\/p>\n<h3>Results<\/h3>\n<ul>\n<li><a href=\"http:\/\/halfmarathon.poznan.pl\/images\/wyniki\/7PoznanPolmaraton-biegacze.pdf\" target=\"_blank\">runners<\/a><\/li>\n<li><a href=\"http:\/\/halfmarathon.poznan.pl\/images\/wyniki\/7PoznanPolmaraton_Rolki_.pdf\" target=\"_blank\">inlineskaters<\/a><\/li>\n<li><a href=\"http:\/\/halfmarathon.poznan.pl\/images\/wyniki\/7PoznanPolmaraton_Wozki_.pdf\" target=\"_blank\">wheelchairs<\/a><\/li>\n<\/ul>\n","protected":false},"excerpt":{"rendered":"<p>7.Pozna\u0144 Half Marathon Medal Gallery: Multimedia: Results runners inlineskaters wheelchairs<\/p>\n","protected":false},"author":1,"featured_media":0,"parent":1372,"menu_order":30,"comment_status":"closed","ping_status":"closed","template":"page-templates\/historia.php","meta":[],"_links":{"self":[{"href":"https:\/\/halfmarathon.poznan.pl\/en\/wp-json\/wp\/v2\/pages\/881"}],"collection":[{"href":"https:\/\/halfmarathon.poznan.pl\/en\/wp-json\/wp\/v2\/pages"}],"about":[{"href":"https:\/\/halfmarathon.poznan.pl\/en\/wp-json\/wp\/v2\/types\/page"}],"author":[{"embeddable":true,"href":"https:\/\/halfmarathon.poznan.pl\/en\/wp-json\/wp\/v2\/users\/1"}],"replies":[{"embeddable":true,"href":"https:\/\/halfmarathon.poznan.pl\/en\/wp-json\/wp\/v2\/comments?post=881"}],"version-history":[{"count":5,"href":"https:\/\/halfmarathon.poznan.pl\/en\/wp-json\/wp\/v2\/pages\/881\/revisions"}],"predecessor-version":[{"id":1702,"href":"https:\/\/halfmarathon.poznan.pl\/en\/wp-json\/wp\/v2\/pages\/881\/revisions\/1702"}],"up":[{"embeddable":true,"href":"https:\/\/halfmarathon.poznan.pl\/en\/wp-json\/wp\/v2\/pages\/1372"}],"wp:attachment":[{"href":"https:\/\/halfmarathon.poznan.pl\/en\/wp-json\/wp\/v2\/media?parent=881"}],"curies":[{"name":"wp","href":"https:\/\/api.w.org\/{rel}","templated":true}]}}