{"id":70,"date":"2014-04-09T10:44:02","date_gmt":"2014-04-09T08:44:02","guid":{"rendered":"http:\/\/marathon.itgrupa.pl\/?page_id=70"},"modified":"2026-02-23T12:09:36","modified_gmt":"2026-02-23T11:09:36","slug":"contact","status":"publish","type":"page","link":"https:\/\/halfmarathon.poznan.pl\/en\/contact\/","title":{"rendered":"Contact"},"content":{"rendered":"<p><b>Organiser \u2013 Halfmarathon Office: <\/b><br \/>\nPozna\u0144skie O\u015brodki Sportu i Rekreacji<br \/>\nul. Jana Spychalskiego 34<br \/>\n61-553 Pozna\u0144<\/p>\n<p>tel. +48 (61) 835 79 17<br \/>\n<a href=\"mailto:info@halfmarathon.poznan.pl\">info@halfmarathon.poznan.pl<\/a><\/p>\n<p><strong>Contact for sponsors:<\/strong><br \/>\n<a href=\"mailto:sponsoring@marathon.poznan.pl\">sponsoring@marathon.poznan.pl<\/a><\/p>\n<p><strong>Contact for media representatives:<\/strong><br \/>\n<a href=\"mailto:media@halfmarathon.poznan.pl\">media@halfmarathon.poznan.pl<\/a><\/p>\n<p><strong><span data-olk-copy-source=\"MessageBody\">Pozna\u0144 Sport Expo<\/span>:<br \/>\n<\/strong>Tomasz Tyda<br \/>\ntel. <a href=\"tel:+48691033041\">+48 691 033 041<\/a><br \/>\n<a class=\"moz-txt-link-abbreviated\" href=\"mailto:tomasz.tyda@grupamtp.pl\">tomasz.tyda@grupamtp.pl<\/a><\/p>\n<p><!--\n<strong>Difficulties in traffic:<\/strong>\n<a href=\"mailto:utrudnieniawruchu@halfmarathon.poznan.pl\">utrudnieniawruchu@halfmarathon.poznan.pl<\/a>\n+48 502 622 438\nAvailable:\n\n\n<ul>\n \t\n\n<li>friday - 12.04: 5 p.m. \u2013 8 p.m.<\/li>\n\n\n \t\n\n<li>saturday - 13.04: 10 a.m. \u2013 8 p.m.<\/li>\n\n\n \t\n\n<li>sunday - 14.04 7 a.m. \u2013 2 p.m.<\/li>\n\n\n<\/ul>\n\n\n--><\/p>\n","protected":false},"excerpt":{"rendered":"<p>Organiser \u2013 Halfmarathon Office: Pozna\u0144skie O\u015brodki Sportu i Rekreacji ul. Jana Spychalskiego 34 61-553 Pozna\u0144 tel. +48 (61) 835 79 17 info@halfmarathon.poznan.pl Contact for sponsors: sponsoring@marathon.poznan.pl Contact for media representatives: media@halfmarathon.poznan.pl Pozna\u0144 Sport Expo: Tomasz Tyda tel. +48 691 033 041 tomasz.tyda@grupamtp.pl<\/p>\n","protected":false},"author":1,"featured_media":0,"parent":0,"menu_order":40,"comment_status":"closed","ping_status":"closed","template":"page-templates\/belka-patron.php","meta":[],"_links":{"self":[{"href":"https:\/\/halfmarathon.poznan.pl\/en\/wp-json\/wp\/v2\/pages\/70"}],"collection":[{"href":"https:\/\/halfmarathon.poznan.pl\/en\/wp-json\/wp\/v2\/pages"}],"about":[{"href":"https:\/\/halfmarathon.poznan.pl\/en\/wp-json\/wp\/v2\/types\/page"}],"author":[{"embeddable":true,"href":"https:\/\/halfmarathon.poznan.pl\/en\/wp-json\/wp\/v2\/users\/1"}],"replies":[{"embeddable":true,"href":"https:\/\/halfmarathon.poznan.pl\/en\/wp-json\/wp\/v2\/comments?post=70"}],"version-history":[{"count":20,"href":"https:\/\/halfmarathon.poznan.pl\/en\/wp-json\/wp\/v2\/pages\/70\/revisions"}],"predecessor-version":[{"id":4009,"href":"https:\/\/halfmarathon.poznan.pl\/en\/wp-json\/wp\/v2\/pages\/70\/revisions\/4009"}],"wp:attachment":[{"href":"https:\/\/halfmarathon.poznan.pl\/en\/wp-json\/wp\/v2\/media?parent=70"}],"curies":[{"name":"wp","href":"https:\/\/api.w.org\/{rel}","templated":true}]}}