{"id":3224,"date":"2022-12-01T22:11:27","date_gmt":"2022-12-01T21:11:27","guid":{"rendered":"https:\/\/halfmarathon.poznan.pl\/en\/?page_id=3224"},"modified":"2022-12-01T22:11:27","modified_gmt":"2022-12-01T21:11:27","slug":"2022-2","status":"publish","type":"page","link":"https:\/\/halfmarathon.poznan.pl\/en\/history-2\/2022-2\/","title":{"rendered":"2022"},"content":{"rendered":"<h2>Medal<\/h2>\n<p><img decoding=\"async\" loading=\"lazy\" class=\"alignnone size-full wp-image-7343\" src=\"https:\/\/halfmarathon.poznan.pl\/wp-content\/uploads\/2022\/03\/medal1920x1080.jpg\" alt=\"medal\" width=\"1920\" height=\"1080\" \/><\/p>\n<h2>Video<\/h2>\n<h3>14. PKO Pozna\u0144 Halfmarathon &#8211; official video<\/h3>\n<p><iframe style=\"width: 100%; aspect-ratio: 16\/9;\" title=\"YouTube video player\" src=\"https:\/\/www.youtube.com\/embed\/ZQQGwse6Nuw\" frameborder=\"0\" allowfullscreen=\"allowfullscreen\"><\/iframe><\/p>\n<h3>14. PKO Pozna\u0144 Halfmarathon<\/h3>\n<p><iframe style=\"width: 100%; aspect-ratio: 16\/9;\" title=\"YouTube video player\" src=\"https:\/\/www.youtube.com\/embed\/-OtUbgdnLUw\" frameborder=\"0\" allowfullscreen=\"allowfullscreen\"><\/iframe><\/p>\n<h3>14. PKO Pozna\u0144 Halfmarathon &#8211; teaser<\/h3>\n<p><iframe style=\"width: 100%; aspect-ratio: 16\/9;\" title=\"YouTube video player\" src=\"https:\/\/www.youtube.com\/embed\/rx78tI0zUAM\" frameborder=\"0\" allowfullscreen=\"allowfullscreen\"><\/iframe><\/p>\n<h3>14. PKO Pozna\u0144 Halfmarathon &#8211; medal<\/h3>\n<p><iframe style=\"width: 100%; aspect-ratio: 16\/9;\" title=\"YouTube video player\" src=\"https:\/\/www.youtube.com\/embed\/5nYZvymhJXU\" frameborder=\"0\" allowfullscreen=\"allowfullscreen\"><\/iframe><\/p>\n<h3>14. PKO Pozna\u0144 Halfmarathon &#8211; teaser<\/h3>\n<p><iframe style=\"width: 100%; aspect-ratio: 16\/9;\" title=\"YouTube video player\" src=\"https:\/\/www.youtube.com\/embed\/q7WsfKwM558\" frameborder=\"0\" allowfullscreen=\"allowfullscreen\"><\/iframe><\/p>\n<h3>14. PKO Pozna\u0144 Halfmarathon &#8211; route<\/h3>\n<p><iframe style=\"width: 100%; aspect-ratio: 16\/9;\" title=\"YouTube video player\" src=\"https:\/\/www.youtube.com\/embed\/EpdqAelwOOY\" frameborder=\"0\" allowfullscreen=\"allowfullscreen\"><\/iframe><\/p>\n","protected":false},"excerpt":{"rendered":"<p>Medal Video 14. PKO Pozna\u0144 Halfmarathon &#8211; official video 14. PKO Pozna\u0144 Halfmarathon 14. PKO Pozna\u0144 Halfmarathon &#8211; teaser 14. PKO Pozna\u0144 Halfmarathon &#8211; medal 14. PKO Pozna\u0144 Halfmarathon &#8211; teaser 14. PKO Pozna\u0144 Halfmarathon &#8211; route<\/p>\n","protected":false},"author":1,"featured_media":0,"parent":1372,"menu_order":9,"comment_status":"closed","ping_status":"closed","template":"page-templates\/historia.php","meta":[],"_links":{"self":[{"href":"https:\/\/halfmarathon.poznan.pl\/en\/wp-json\/wp\/v2\/pages\/3224"}],"collection":[{"href":"https:\/\/halfmarathon.poznan.pl\/en\/wp-json\/wp\/v2\/pages"}],"about":[{"href":"https:\/\/halfmarathon.poznan.pl\/en\/wp-json\/wp\/v2\/types\/page"}],"author":[{"embeddable":true,"href":"https:\/\/halfmarathon.poznan.pl\/en\/wp-json\/wp\/v2\/users\/1"}],"replies":[{"embeddable":true,"href":"https:\/\/halfmarathon.poznan.pl\/en\/wp-json\/wp\/v2\/comments?post=3224"}],"version-history":[{"count":1,"href":"https:\/\/halfmarathon.poznan.pl\/en\/wp-json\/wp\/v2\/pages\/3224\/revisions"}],"predecessor-version":[{"id":3225,"href":"https:\/\/halfmarathon.poznan.pl\/en\/wp-json\/wp\/v2\/pages\/3224\/revisions\/3225"}],"up":[{"embeddable":true,"href":"https:\/\/halfmarathon.poznan.pl\/en\/wp-json\/wp\/v2\/pages\/1372"}],"wp:attachment":[{"href":"https:\/\/halfmarathon.poznan.pl\/en\/wp-json\/wp\/v2\/media?parent=3224"}],"curies":[{"name":"wp","href":"https:\/\/api.w.org\/{rel}","templated":true}]}}