{"id":247,"date":"2014-04-13T03:35:07","date_gmt":"2014-04-13T01:35:07","guid":{"rendered":"http:\/\/test.marathon.poznan.pl\/?page_id=247"},"modified":"2016-12-02T11:04:15","modified_gmt":"2016-12-02T10:04:15","slug":"2008-2","status":"publish","type":"page","link":"https:\/\/halfmarathon.poznan.pl\/en\/history-2\/2008-2\/","title":{"rendered":"2008"},"content":{"rendered":"<h3>1.Pozna\u0144 Half Marathon Medal<\/h3>\n<table class=\"light\">\n<tbody>\n<tr>\n<td style=\"width: 100%; text-align: center;\"><a title=\"1.Pozna\u0144 Half Marathon Medal\" href=\"\/wp-content\/uploads\/2015\/11\/Medal-1.Pozna\u0144-P\u00f3\u0142maraton-2008-v2.jpg\"><img decoding=\"async\" style=\"width: 220px;\" title=\"1.Pozna\u0144 Half Marathon Medal\" alt=\"1.Pozna\u0144 Half Marathon Medaln\" src=\"\/wp-content\/uploads\/2015\/11\/Medal-1.Pozna\u0144-P\u00f3\u0142maraton-2008-v2.jpg\" width=\"220\" \/><\/a><\/td>\n<\/tr>\n<\/tbody>\n<\/table>\n<h3>Gallery:<\/h3>\n<table class=\"light\">\n<tbody>\n<tr>\n<td style=\"width: 100%; text-align: center;\">\n\t\t<style type=\"text\/css\">\n\t\t\t#gallery-1 {\n\t\t\t\tmargin: auto;\n\t\t\t}\n\t\t\t#gallery-1 .gallery-item {\n\t\t\t\tfloat: left;\n\t\t\t\tmargin-top: 10px;\n\t\t\t\ttext-align: center;\n\t\t\t\twidth: 33%;\n\t\t\t}\n\t\t\t#gallery-1 img {\n\t\t\t\tborder: 2px solid #cfcfcf;\n\t\t\t}\n\t\t\t#gallery-1 .gallery-caption {\n\t\t\t\tmargin-left: 0;\n\t\t\t}\n\t\t\t\/* see gallery_shortcode() in wp-includes\/media.php *\/\n\t\t<\/style>\n\t\t<div id='gallery-1' class='gallery galleryid-247 gallery-columns-3 gallery-size-thumbnail'><dl class='gallery-item'>\n\t\t\t<dt class='gallery-icon landscape'>\n\t\t\t\t<a href='https:\/\/halfmarathon.poznan.pl\/en\/wp-content\/uploads\/2014\/04\/1.Pozna\u0144-P\u00f3\u0142maraton-Foto-Dorota-\u015awiderska.jpg'><img width=\"150\" height=\"100\" src=\"https:\/\/halfmarathon.poznan.pl\/en\/wp-content\/uploads\/2014\/04\/1.Pozna\u0144-P\u00f3\u0142maraton-Foto-Dorota-\u015awiderska-150x100.jpg\" class=\"attachment-thumbnail size-thumbnail\" alt=\"\" decoding=\"async\" loading=\"lazy\" srcset=\"https:\/\/halfmarathon.poznan.pl\/en\/wp-content\/uploads\/2014\/04\/1.Pozna\u0144-P\u00f3\u0142maraton-Foto-Dorota-\u015awiderska-150x100.jpg 150w, https:\/\/halfmarathon.poznan.pl\/en\/wp-content\/uploads\/2014\/04\/1.Pozna\u0144-P\u00f3\u0142maraton-Foto-Dorota-\u015awiderska-2000x1333.jpg 2000w, https:\/\/halfmarathon.poznan.pl\/en\/wp-content\/uploads\/2014\/04\/1.Pozna\u0144-P\u00f3\u0142maraton-Foto-Dorota-\u015awiderska-1230x820.jpg 1230w\" sizes=\"(max-width: 150px) 100vw, 150px\" \/><\/a>\n\t\t\t<\/dt><\/dl><dl class='gallery-item'>\n\t\t\t<dt class='gallery-icon landscape'>\n\t\t\t\t<a href='https:\/\/halfmarathon.poznan.pl\/en\/wp-content\/uploads\/2014\/04\/1.Pozna\u0144-P\u00f3\u0142maraton-Foto-Dorota-\u015awiderska-2.jpg'><img width=\"150\" height=\"100\" src=\"https:\/\/halfmarathon.poznan.pl\/en\/wp-content\/uploads\/2014\/04\/1.Pozna\u0144-P\u00f3\u0142maraton-Foto-Dorota-\u015awiderska-2-150x100.jpg\" class=\"attachment-thumbnail size-thumbnail\" alt=\"\" decoding=\"async\" loading=\"lazy\" srcset=\"https:\/\/halfmarathon.poznan.pl\/en\/wp-content\/uploads\/2014\/04\/1.Pozna\u0144-P\u00f3\u0142maraton-Foto-Dorota-\u015awiderska-2-150x100.jpg 150w, https:\/\/halfmarathon.poznan.pl\/en\/wp-content\/uploads\/2014\/04\/1.Pozna\u0144-P\u00f3\u0142maraton-Foto-Dorota-\u015awiderska-2-2000x1333.jpg 2000w, https:\/\/halfmarathon.poznan.pl\/en\/wp-content\/uploads\/2014\/04\/1.Pozna\u0144-P\u00f3\u0142maraton-Foto-Dorota-\u015awiderska-2-1230x820.jpg 1230w\" sizes=\"(max-width: 150px) 100vw, 150px\" \/><\/a>\n\t\t\t<\/dt><\/dl><dl class='gallery-item'>\n\t\t\t<dt class='gallery-icon landscape'>\n\t\t\t\t<a href='https:\/\/halfmarathon.poznan.pl\/en\/wp-content\/uploads\/2014\/04\/1.Pozna\u0144-P\u00f3\u0142maraton-Foto-Dorota-\u015awiderska-3.jpg'><img width=\"150\" height=\"100\" src=\"https:\/\/halfmarathon.poznan.pl\/en\/wp-content\/uploads\/2014\/04\/1.Pozna\u0144-P\u00f3\u0142maraton-Foto-Dorota-\u015awiderska-3-150x100.jpg\" class=\"attachment-thumbnail size-thumbnail\" alt=\"\" decoding=\"async\" loading=\"lazy\" srcset=\"https:\/\/halfmarathon.poznan.pl\/en\/wp-content\/uploads\/2014\/04\/1.Pozna\u0144-P\u00f3\u0142maraton-Foto-Dorota-\u015awiderska-3-150x100.jpg 150w, https:\/\/halfmarathon.poznan.pl\/en\/wp-content\/uploads\/2014\/04\/1.Pozna\u0144-P\u00f3\u0142maraton-Foto-Dorota-\u015awiderska-3-2000x1333.jpg 2000w, https:\/\/halfmarathon.poznan.pl\/en\/wp-content\/uploads\/2014\/04\/1.Pozna\u0144-P\u00f3\u0142maraton-Foto-Dorota-\u015awiderska-3-1230x820.jpg 1230w\" sizes=\"(max-width: 150px) 100vw, 150px\" \/><\/a>\n\t\t\t<\/dt><\/dl><br style=\"clear: both\" \/><dl class='gallery-item'>\n\t\t\t<dt class='gallery-icon landscape'>\n\t\t\t\t<a href='https:\/\/halfmarathon.poznan.pl\/en\/wp-content\/uploads\/2014\/04\/1.Pozna\u0144-P\u00f3\u0142maraton-Foto-Dorota-\u015awiderska-5.jpg'><img width=\"150\" height=\"100\" src=\"https:\/\/halfmarathon.poznan.pl\/en\/wp-content\/uploads\/2014\/04\/1.Pozna\u0144-P\u00f3\u0142maraton-Foto-Dorota-\u015awiderska-5-150x100.jpg\" class=\"attachment-thumbnail size-thumbnail\" alt=\"\" decoding=\"async\" loading=\"lazy\" srcset=\"https:\/\/halfmarathon.poznan.pl\/en\/wp-content\/uploads\/2014\/04\/1.Pozna\u0144-P\u00f3\u0142maraton-Foto-Dorota-\u015awiderska-5-150x100.jpg 150w, https:\/\/halfmarathon.poznan.pl\/en\/wp-content\/uploads\/2014\/04\/1.Pozna\u0144-P\u00f3\u0142maraton-Foto-Dorota-\u015awiderska-5-2000x1333.jpg 2000w, https:\/\/halfmarathon.poznan.pl\/en\/wp-content\/uploads\/2014\/04\/1.Pozna\u0144-P\u00f3\u0142maraton-Foto-Dorota-\u015awiderska-5-1230x820.jpg 1230w\" sizes=\"(max-width: 150px) 100vw, 150px\" \/><\/a>\n\t\t\t<\/dt><\/dl><dl class='gallery-item'>\n\t\t\t<dt class='gallery-icon landscape'>\n\t\t\t\t<a href='https:\/\/halfmarathon.poznan.pl\/en\/wp-content\/uploads\/2014\/04\/1.Pozna\u0144-P\u00f3\u0142maraton-Foto-Dorota-\u015awiderska-6.jpg'><img width=\"150\" height=\"100\" src=\"https:\/\/halfmarathon.poznan.pl\/en\/wp-content\/uploads\/2014\/04\/1.Pozna\u0144-P\u00f3\u0142maraton-Foto-Dorota-\u015awiderska-6-150x100.jpg\" class=\"attachment-thumbnail size-thumbnail\" alt=\"\" decoding=\"async\" loading=\"lazy\" srcset=\"https:\/\/halfmarathon.poznan.pl\/en\/wp-content\/uploads\/2014\/04\/1.Pozna\u0144-P\u00f3\u0142maraton-Foto-Dorota-\u015awiderska-6-150x100.jpg 150w, https:\/\/halfmarathon.poznan.pl\/en\/wp-content\/uploads\/2014\/04\/1.Pozna\u0144-P\u00f3\u0142maraton-Foto-Dorota-\u015awiderska-6-2000x1333.jpg 2000w, https:\/\/halfmarathon.poznan.pl\/en\/wp-content\/uploads\/2014\/04\/1.Pozna\u0144-P\u00f3\u0142maraton-Foto-Dorota-\u015awiderska-6-1230x820.jpg 1230w\" sizes=\"(max-width: 150px) 100vw, 150px\" \/><\/a>\n\t\t\t<\/dt><\/dl><dl class='gallery-item'>\n\t\t\t<dt class='gallery-icon landscape'>\n\t\t\t\t<a href='https:\/\/halfmarathon.poznan.pl\/en\/wp-content\/uploads\/2014\/04\/1.Pozna\u0144-P\u00f3\u0142maraton-Foto-Dorota-\u015awiderska4.jpg'><img width=\"150\" height=\"100\" src=\"https:\/\/halfmarathon.poznan.pl\/en\/wp-content\/uploads\/2014\/04\/1.Pozna\u0144-P\u00f3\u0142maraton-Foto-Dorota-\u015awiderska4-150x100.jpg\" class=\"attachment-thumbnail size-thumbnail\" alt=\"\" decoding=\"async\" loading=\"lazy\" srcset=\"https:\/\/halfmarathon.poznan.pl\/en\/wp-content\/uploads\/2014\/04\/1.Pozna\u0144-P\u00f3\u0142maraton-Foto-Dorota-\u015awiderska4-150x100.jpg 150w, https:\/\/halfmarathon.poznan.pl\/en\/wp-content\/uploads\/2014\/04\/1.Pozna\u0144-P\u00f3\u0142maraton-Foto-Dorota-\u015awiderska4-2000x1333.jpg 2000w, https:\/\/halfmarathon.poznan.pl\/en\/wp-content\/uploads\/2014\/04\/1.Pozna\u0144-P\u00f3\u0142maraton-Foto-Dorota-\u015awiderska4-1230x820.jpg 1230w\" sizes=\"(max-width: 150px) 100vw, 150px\" \/><\/a>\n\t\t\t<\/dt><\/dl><br style=\"clear: both\" \/>\n\t\t<\/div>\n<\/td>\n<\/tr>\n<\/tbody>\n<\/table>\n<h3>Results<\/h3>\n<ul>\n<li><a href=\"http:\/\/halfmarathon.poznan.pl\/images\/wyniki\/1hm_wyniki_biegacze.pdf\" target=\"_blank\">runners<\/a><\/li>\n<\/ul>\n","protected":false},"excerpt":{"rendered":"<p>1.Pozna\u0144 Half Marathon Medal Gallery: Results runners<\/p>\n","protected":false},"author":1,"featured_media":0,"parent":1372,"menu_order":36,"comment_status":"closed","ping_status":"closed","template":"page-templates\/historia.php","meta":[],"_links":{"self":[{"href":"https:\/\/halfmarathon.poznan.pl\/en\/wp-json\/wp\/v2\/pages\/247"}],"collection":[{"href":"https:\/\/halfmarathon.poznan.pl\/en\/wp-json\/wp\/v2\/pages"}],"about":[{"href":"https:\/\/halfmarathon.poznan.pl\/en\/wp-json\/wp\/v2\/types\/page"}],"author":[{"embeddable":true,"href":"https:\/\/halfmarathon.poznan.pl\/en\/wp-json\/wp\/v2\/users\/1"}],"replies":[{"embeddable":true,"href":"https:\/\/halfmarathon.poznan.pl\/en\/wp-json\/wp\/v2\/comments?post=247"}],"version-history":[{"count":7,"href":"https:\/\/halfmarathon.poznan.pl\/en\/wp-json\/wp\/v2\/pages\/247\/revisions"}],"predecessor-version":[{"id":1708,"href":"https:\/\/halfmarathon.poznan.pl\/en\/wp-json\/wp\/v2\/pages\/247\/revisions\/1708"}],"up":[{"embeddable":true,"href":"https:\/\/halfmarathon.poznan.pl\/en\/wp-json\/wp\/v2\/pages\/1372"}],"wp:attachment":[{"href":"https:\/\/halfmarathon.poznan.pl\/en\/wp-json\/wp\/v2\/media?parent=247"}],"curies":[{"name":"wp","href":"https:\/\/api.w.org\/{rel}","templated":true}]}}