{"id":1990,"date":"2017-12-18T11:54:16","date_gmt":"2017-12-18T10:54:16","guid":{"rendered":"http:\/\/halfmarathon.poznan.pl\/en\/?page_id=1990"},"modified":"2018-10-26T15:19:53","modified_gmt":"2018-10-26T13:19:53","slug":"2017-2","status":"publish","type":"page","link":"https:\/\/halfmarathon.poznan.pl\/en\/history-2\/2017-2\/","title":{"rendered":"2017"},"content":{"rendered":"<h3>10 Pozna\u0144 Half Marathon Medal<\/h3>\n<table class=\"light\">\n<tbody>\n<tr>\n<td style=\"width: 100%;\"><a href=\"http:\/\/halfmarathon.poznan.pl\/en\/wp-content\/uploads\/2017\/12\/10PKO-polmaraton-internet.jpg\"><img decoding=\"async\" loading=\"lazy\" class=\"size-thumbnail wp-image-3364 aligncenter\" alt=\"\" src=\"http:\/\/halfmarathon.poznan.pl\/en\/wp-content\/uploads\/2017\/12\/10PKO-polmaraton-internet.jpg\" width=\"150\" height=\"99\" \/><\/a><\/td>\n<\/tr>\n<\/tbody>\n<\/table>\n<h3>Gallery:<\/h3>\n\n\t\t<style type=\"text\/css\">\n\t\t\t#gallery-1 {\n\t\t\t\tmargin: auto;\n\t\t\t}\n\t\t\t#gallery-1 .gallery-item {\n\t\t\t\tfloat: left;\n\t\t\t\tmargin-top: 10px;\n\t\t\t\ttext-align: center;\n\t\t\t\twidth: 33%;\n\t\t\t}\n\t\t\t#gallery-1 img {\n\t\t\t\tborder: 2px solid #cfcfcf;\n\t\t\t}\n\t\t\t#gallery-1 .gallery-caption {\n\t\t\t\tmargin-left: 0;\n\t\t\t}\n\t\t\t\/* see gallery_shortcode() in wp-includes\/media.php *\/\n\t\t<\/style>\n\t\t<div id='gallery-1' class='gallery galleryid-1990 gallery-columns-3 gallery-size-thumbnail'><dl class='gallery-item'>\n\t\t\t<dt class='gallery-icon landscape'>\n\t\t\t\t<a href='https:\/\/halfmarathon.poznan.pl\/en\/history-2\/2017-2\/170326bc7p5294_psz-2\/'><img width=\"150\" height=\"100\" src=\"https:\/\/halfmarathon.poznan.pl\/en\/wp-content\/uploads\/2017\/12\/170326BC7P5294_psz-150x100.jpg\" class=\"attachment-thumbnail size-thumbnail\" alt=\"10.PKO Pozna\u0144 P\u00f3\u0142maraton \u2013 foto. Przemys\u0142aw Szyszka\" decoding=\"async\" loading=\"lazy\" srcset=\"https:\/\/halfmarathon.poznan.pl\/en\/wp-content\/uploads\/2017\/12\/170326BC7P5294_psz-150x100.jpg 150w, https:\/\/halfmarathon.poznan.pl\/en\/wp-content\/uploads\/2017\/12\/170326BC7P5294_psz-1230x820.jpg 1230w, https:\/\/halfmarathon.poznan.pl\/en\/wp-content\/uploads\/2017\/12\/170326BC7P5294_psz.jpg 1600w\" sizes=\"(max-width: 150px) 100vw, 150px\" \/><\/a>\n\t\t\t<\/dt><\/dl><dl class='gallery-item'>\n\t\t\t<dt class='gallery-icon landscape'>\n\t\t\t\t<a href='https:\/\/halfmarathon.poznan.pl\/en\/history-2\/2017-2\/170326bc7p5270_psz-2\/'><img width=\"150\" height=\"100\" src=\"https:\/\/halfmarathon.poznan.pl\/en\/wp-content\/uploads\/2017\/12\/170326BC7P5270_psz-150x100.jpg\" class=\"attachment-thumbnail size-thumbnail\" alt=\"10.PKO Pozna\u0144 P\u00f3\u0142maraton \u2013 foto. Przemys\u0142aw Szyszka\" decoding=\"async\" loading=\"lazy\" srcset=\"https:\/\/halfmarathon.poznan.pl\/en\/wp-content\/uploads\/2017\/12\/170326BC7P5270_psz-150x100.jpg 150w, https:\/\/halfmarathon.poznan.pl\/en\/wp-content\/uploads\/2017\/12\/170326BC7P5270_psz-1230x820.jpg 1230w, https:\/\/halfmarathon.poznan.pl\/en\/wp-content\/uploads\/2017\/12\/170326BC7P5270_psz.jpg 1600w\" sizes=\"(max-width: 150px) 100vw, 150px\" \/><\/a>\n\t\t\t<\/dt><\/dl><dl class='gallery-item'>\n\t\t\t<dt class='gallery-icon landscape'>\n\t\t\t\t<a href='https:\/\/halfmarathon.poznan.pl\/en\/history-2\/2017-2\/170326bc7p5190_psz-2-2\/'><img width=\"150\" height=\"100\" src=\"https:\/\/halfmarathon.poznan.pl\/en\/wp-content\/uploads\/2017\/12\/170326BC7P5190_psz-2-150x100.jpg\" class=\"attachment-thumbnail size-thumbnail\" alt=\"10.PKO Pozna\u0144 P\u00f3\u0142maraton \u2013 foto. Przemys\u0142aw Szyszka\" decoding=\"async\" loading=\"lazy\" srcset=\"https:\/\/halfmarathon.poznan.pl\/en\/wp-content\/uploads\/2017\/12\/170326BC7P5190_psz-2-150x100.jpg 150w, https:\/\/halfmarathon.poznan.pl\/en\/wp-content\/uploads\/2017\/12\/170326BC7P5190_psz-2-1230x820.jpg 1230w, https:\/\/halfmarathon.poznan.pl\/en\/wp-content\/uploads\/2017\/12\/170326BC7P5190_psz-2.jpg 1600w\" sizes=\"(max-width: 150px) 100vw, 150px\" \/><\/a>\n\t\t\t<\/dt><\/dl><br style=\"clear: both\" \/><dl class='gallery-item'>\n\t\t\t<dt class='gallery-icon landscape'>\n\t\t\t\t<a href='https:\/\/halfmarathon.poznan.pl\/en\/history-2\/2017-2\/170326bc7p5089_psz-2\/'><img width=\"150\" height=\"100\" src=\"https:\/\/halfmarathon.poznan.pl\/en\/wp-content\/uploads\/2017\/12\/170326BC7P5089_psz-150x100.jpg\" class=\"attachment-thumbnail size-thumbnail\" alt=\"10.PKO Pozna\u0144 P\u00f3\u0142maraton \u2013 foto. Przemys\u0142aw Szyszka\" decoding=\"async\" loading=\"lazy\" srcset=\"https:\/\/halfmarathon.poznan.pl\/en\/wp-content\/uploads\/2017\/12\/170326BC7P5089_psz-150x100.jpg 150w, https:\/\/halfmarathon.poznan.pl\/en\/wp-content\/uploads\/2017\/12\/170326BC7P5089_psz-1230x820.jpg 1230w, https:\/\/halfmarathon.poznan.pl\/en\/wp-content\/uploads\/2017\/12\/170326BC7P5089_psz.jpg 1600w\" sizes=\"(max-width: 150px) 100vw, 150px\" \/><\/a>\n\t\t\t<\/dt><\/dl><dl class='gallery-item'>\n\t\t\t<dt class='gallery-icon landscape'>\n\t\t\t\t<a href='https:\/\/halfmarathon.poznan.pl\/en\/history-2\/2017-2\/170326bc7p5065_psz-2\/'><img width=\"150\" height=\"100\" src=\"https:\/\/halfmarathon.poznan.pl\/en\/wp-content\/uploads\/2017\/12\/170326BC7P5065_psz-150x100.jpg\" class=\"attachment-thumbnail size-thumbnail\" alt=\"10.PKO Pozna\u0144 P\u00f3\u0142maraton \u2013 foto. Przemys\u0142aw Szyszka\" decoding=\"async\" loading=\"lazy\" srcset=\"https:\/\/halfmarathon.poznan.pl\/en\/wp-content\/uploads\/2017\/12\/170326BC7P5065_psz-150x100.jpg 150w, https:\/\/halfmarathon.poznan.pl\/en\/wp-content\/uploads\/2017\/12\/170326BC7P5065_psz-1230x820.jpg 1230w, https:\/\/halfmarathon.poznan.pl\/en\/wp-content\/uploads\/2017\/12\/170326BC7P5065_psz.jpg 1600w\" sizes=\"(max-width: 150px) 100vw, 150px\" \/><\/a>\n\t\t\t<\/dt><\/dl><dl class='gallery-item'>\n\t\t\t<dt class='gallery-icon landscape'>\n\t\t\t\t<a href='https:\/\/halfmarathon.poznan.pl\/en\/history-2\/2017-2\/170326bc7p4922_psz-2\/'><img width=\"150\" height=\"100\" src=\"https:\/\/halfmarathon.poznan.pl\/en\/wp-content\/uploads\/2017\/12\/170326BC7P4922_psz-150x100.jpg\" class=\"attachment-thumbnail size-thumbnail\" alt=\"10.PKO Pozna\u0144 P\u00f3\u0142maraton \u2013 foto. Przemys\u0142aw Szyszka\" decoding=\"async\" loading=\"lazy\" srcset=\"https:\/\/halfmarathon.poznan.pl\/en\/wp-content\/uploads\/2017\/12\/170326BC7P4922_psz-150x100.jpg 150w, https:\/\/halfmarathon.poznan.pl\/en\/wp-content\/uploads\/2017\/12\/170326BC7P4922_psz-1230x820.jpg 1230w, https:\/\/halfmarathon.poznan.pl\/en\/wp-content\/uploads\/2017\/12\/170326BC7P4922_psz.jpg 1600w\" sizes=\"(max-width: 150px) 100vw, 150px\" \/><\/a>\n\t\t\t<\/dt><\/dl><br style=\"clear: both\" \/>\n\t\t<\/div>\n\n<div style=\"text-align: center;\">\n<h3>Course:<\/h3>\n<p><iframe loading=\"lazy\" src=\"https:\/\/www.youtube.com\/embed\/b0WBLAcHa9A\" height=\"315\" width=\"560\" allowfullscreen=\"\" frameborder=\"0\"><\/iframe><\/p>\n<h3>Multimedia:<\/h3>\n<p><iframe loading=\"lazy\" src=\"https:\/\/www.youtube.com\/embed\/-juE-0MXhTU\" height=\"315\" width=\"560\" allowfullscreen=\"\" frameborder=\"0\"><\/iframe><\/p>\n<h3>Pozna\u0144 Halfmarathon 2017 &#8211; backstage 10.PKO Pozna\u0144\u00a0Halfmarathon<\/h3>\n<p><iframe loading=\"lazy\" src=\"https:\/\/www.youtube.com\/embed\/xPCTG0jqHxw\" height=\"315\" width=\"560\" allowfullscreen=\"\" frameborder=\"0\"><\/iframe><\/p>\n<h3>Pozna\u0144\u00a0Halfmarathon\u00a02017 &#8211; official video<\/h3>\n<p><iframe loading=\"lazy\" src=\"https:\/\/www.youtube.com\/embed\/SpztyXApSRk\" height=\"315\" width=\"560\" allowfullscreen=\"\" frameborder=\"0\"><\/iframe><\/p>\n<p><iframe loading=\"lazy\" src=\"https:\/\/www.youtube.com\/embed\/ISA8Xt1AhIU\" height=\"315\" width=\"560\" allowfullscreen=\"\" frameborder=\"0\"><\/iframe><\/p>\n<p><iframe loading=\"lazy\" src=\"https:\/\/www.youtube.com\/embed\/JWgR2z6k9sk\" height=\"315\" width=\"560\" allowfullscreen=\"\" frameborder=\"0\"><\/iframe><\/p>\n<p><iframe loading=\"lazy\" src=\"https:\/\/www.youtube.com\/embed\/zhV5SGTADMw\" height=\"315\" width=\"560\" allowfullscreen=\"\" frameborder=\"0\"><\/iframe><\/p>\n<p><iframe loading=\"lazy\" src=\"https:\/\/www.youtube.com\/embed\/2vtVUQBtrv4\" height=\"315\" width=\"560\" allowfullscreen=\"\" frameborder=\"0\"><\/iframe><\/p>\n<h3 style=\"text-align: left;\">Results<\/h3>\n<ul>\n<li style=\"text-align: left;\"><a href=\"http:\/\/live.sts-timing.pl\/pp2017\/pp2017_open.pdf\" target=\"_blank\">runners<\/a><\/li>\n<\/ul>\n<\/div>\n","protected":false},"excerpt":{"rendered":"<p>10 Pozna\u0144 Half Marathon Medal Gallery: Course: Multimedia: Pozna\u0144 Halfmarathon 2017 &#8211; backstage 10.PKO Pozna\u0144\u00a0Halfmarathon Pozna\u0144\u00a0Halfmarathon\u00a02017 &#8211; official video Results runners<\/p>\n","protected":false},"author":1,"featured_media":0,"parent":1372,"menu_order":27,"comment_status":"closed","ping_status":"closed","template":"page-templates\/historia.php","meta":[],"_links":{"self":[{"href":"https:\/\/halfmarathon.poznan.pl\/en\/wp-json\/wp\/v2\/pages\/1990"}],"collection":[{"href":"https:\/\/halfmarathon.poznan.pl\/en\/wp-json\/wp\/v2\/pages"}],"about":[{"href":"https:\/\/halfmarathon.poznan.pl\/en\/wp-json\/wp\/v2\/types\/page"}],"author":[{"embeddable":true,"href":"https:\/\/halfmarathon.poznan.pl\/en\/wp-json\/wp\/v2\/users\/1"}],"replies":[{"embeddable":true,"href":"https:\/\/halfmarathon.poznan.pl\/en\/wp-json\/wp\/v2\/comments?post=1990"}],"version-history":[{"count":9,"href":"https:\/\/halfmarathon.poznan.pl\/en\/wp-json\/wp\/v2\/pages\/1990\/revisions"}],"predecessor-version":[{"id":2030,"href":"https:\/\/halfmarathon.poznan.pl\/en\/wp-json\/wp\/v2\/pages\/1990\/revisions\/2030"}],"up":[{"embeddable":true,"href":"https:\/\/halfmarathon.poznan.pl\/en\/wp-json\/wp\/v2\/pages\/1372"}],"wp:attachment":[{"href":"https:\/\/halfmarathon.poznan.pl\/en\/wp-json\/wp\/v2\/media?parent=1990"}],"curies":[{"name":"wp","href":"https:\/\/api.w.org\/{rel}","templated":true}]}}