{"id":1662,"date":"2016-11-30T13:31:32","date_gmt":"2016-11-30T12:31:32","guid":{"rendered":"http:\/\/halfmarathon.poznan.pl\/en\/?page_id=1662"},"modified":"2016-12-02T11:00:28","modified_gmt":"2016-12-02T10:00:28","slug":"2016-2","status":"publish","type":"page","link":"https:\/\/halfmarathon.poznan.pl\/en\/history-2\/2016-2\/","title":{"rendered":"2016"},"content":{"rendered":"<h3>9Pozna\u0144 Half Marathon Medal<\/h3>\n<table class=\"light\">\n<tbody>\n<tr>\n<td style=\"width: 100%; text-align: center;\"><a href=\"http:\/\/halfmarathon.poznan.pl\/wp-content\/uploads\/2016\/05\/9PM_medal_prezentacja_www.jpg\"><img decoding=\"async\" loading=\"lazy\" class=\"aligncenter size-thumbnail wp-image-3364\" alt=\"\" src=\"http:\/\/halfmarathon.poznan.pl\/wp-content\/uploads\/2016\/05\/9PM_medal_prezentacja_www-150x99.jpg\" width=\"150\" height=\"99\" \/><\/a><\/td>\n<\/tr>\n<\/tbody>\n<\/table>\n<h3>Gallery:<\/h3>\n<table class=\"light\">\n<tbody>\n<tr>\n<td style=\"width: 100%; text-align: center;\">\n\t\t<style type=\"text\/css\">\n\t\t\t#gallery-1 {\n\t\t\t\tmargin: auto;\n\t\t\t}\n\t\t\t#gallery-1 .gallery-item {\n\t\t\t\tfloat: left;\n\t\t\t\tmargin-top: 10px;\n\t\t\t\ttext-align: center;\n\t\t\t\twidth: 33%;\n\t\t\t}\n\t\t\t#gallery-1 img {\n\t\t\t\tborder: 2px solid #cfcfcf;\n\t\t\t}\n\t\t\t#gallery-1 .gallery-caption {\n\t\t\t\tmargin-left: 0;\n\t\t\t}\n\t\t\t\/* see gallery_shortcode() in wp-includes\/media.php *\/\n\t\t<\/style>\n\t\t<div id='gallery-1' class='gallery galleryid-1662 gallery-columns-3 gallery-size-thumbnail'><dl class='gallery-item'>\n\t\t\t<dt class='gallery-icon landscape'>\n\t\t\t\t<a href='https:\/\/halfmarathon.poznan.pl\/en\/wp-content\/uploads\/2016\/11\/9.PKO-Pozna\u0144-P\u00f3\u0142maraton.-Foto-Jakub-Kaczmarczyk-1.jpg'><img width=\"150\" height=\"99\" src=\"https:\/\/halfmarathon.poznan.pl\/en\/wp-content\/uploads\/2016\/11\/9.PKO-Pozna\u0144-P\u00f3\u0142maraton.-Foto-Jakub-Kaczmarczyk-1-150x99.jpg\" class=\"attachment-thumbnail size-thumbnail\" alt=\"\" decoding=\"async\" loading=\"lazy\" srcset=\"https:\/\/halfmarathon.poznan.pl\/en\/wp-content\/uploads\/2016\/11\/9.PKO-Pozna\u0144-P\u00f3\u0142maraton.-Foto-Jakub-Kaczmarczyk-1-150x99.jpg 150w, https:\/\/halfmarathon.poznan.pl\/en\/wp-content\/uploads\/2016\/11\/9.PKO-Pozna\u0144-P\u00f3\u0142maraton.-Foto-Jakub-Kaczmarczyk-1-2000x1331.jpg 2000w, https:\/\/halfmarathon.poznan.pl\/en\/wp-content\/uploads\/2016\/11\/9.PKO-Pozna\u0144-P\u00f3\u0142maraton.-Foto-Jakub-Kaczmarczyk-1-1230x818.jpg 1230w\" sizes=\"(max-width: 150px) 100vw, 150px\" \/><\/a>\n\t\t\t<\/dt><\/dl><dl class='gallery-item'>\n\t\t\t<dt class='gallery-icon landscape'>\n\t\t\t\t<a href='https:\/\/halfmarathon.poznan.pl\/en\/wp-content\/uploads\/2016\/11\/9.PKO-Pozna\u0144-P\u00f3\u0142maraton.-Foto-Jakub-Kaczmarczyk-2.jpg'><img width=\"150\" height=\"100\" src=\"https:\/\/halfmarathon.poznan.pl\/en\/wp-content\/uploads\/2016\/11\/9.PKO-Pozna\u0144-P\u00f3\u0142maraton.-Foto-Jakub-Kaczmarczyk-2-150x100.jpg\" class=\"attachment-thumbnail size-thumbnail\" alt=\"\" decoding=\"async\" loading=\"lazy\" srcset=\"https:\/\/halfmarathon.poznan.pl\/en\/wp-content\/uploads\/2016\/11\/9.PKO-Pozna\u0144-P\u00f3\u0142maraton.-Foto-Jakub-Kaczmarczyk-2-150x100.jpg 150w, https:\/\/halfmarathon.poznan.pl\/en\/wp-content\/uploads\/2016\/11\/9.PKO-Pozna\u0144-P\u00f3\u0142maraton.-Foto-Jakub-Kaczmarczyk-2-2000x1335.jpg 2000w, https:\/\/halfmarathon.poznan.pl\/en\/wp-content\/uploads\/2016\/11\/9.PKO-Pozna\u0144-P\u00f3\u0142maraton.-Foto-Jakub-Kaczmarczyk-2-1230x821.jpg 1230w\" sizes=\"(max-width: 150px) 100vw, 150px\" \/><\/a>\n\t\t\t<\/dt><\/dl><dl class='gallery-item'>\n\t\t\t<dt class='gallery-icon landscape'>\n\t\t\t\t<a href='https:\/\/halfmarathon.poznan.pl\/en\/wp-content\/uploads\/2016\/11\/9.PKO-Pozna\u0144-P\u00f3\u0142maraton.-Foto-Jakub-Kaczmarczyk-3.jpg'><img width=\"150\" height=\"100\" src=\"https:\/\/halfmarathon.poznan.pl\/en\/wp-content\/uploads\/2016\/11\/9.PKO-Pozna\u0144-P\u00f3\u0142maraton.-Foto-Jakub-Kaczmarczyk-3-150x100.jpg\" class=\"attachment-thumbnail size-thumbnail\" alt=\"\" decoding=\"async\" loading=\"lazy\" srcset=\"https:\/\/halfmarathon.poznan.pl\/en\/wp-content\/uploads\/2016\/11\/9.PKO-Pozna\u0144-P\u00f3\u0142maraton.-Foto-Jakub-Kaczmarczyk-3-150x100.jpg 150w, https:\/\/halfmarathon.poznan.pl\/en\/wp-content\/uploads\/2016\/11\/9.PKO-Pozna\u0144-P\u00f3\u0142maraton.-Foto-Jakub-Kaczmarczyk-3-2000x1335.jpg 2000w, https:\/\/halfmarathon.poznan.pl\/en\/wp-content\/uploads\/2016\/11\/9.PKO-Pozna\u0144-P\u00f3\u0142maraton.-Foto-Jakub-Kaczmarczyk-3-1230x821.jpg 1230w\" sizes=\"(max-width: 150px) 100vw, 150px\" \/><\/a>\n\t\t\t<\/dt><\/dl><br style=\"clear: both\" \/><dl class='gallery-item'>\n\t\t\t<dt class='gallery-icon landscape'>\n\t\t\t\t<a href='https:\/\/halfmarathon.poznan.pl\/en\/wp-content\/uploads\/2016\/11\/9.PKO-Pozna\u0144-P\u00f3\u0142maraton.-Foto-Jakub-Kaczmarczyk-4.jpg'><img width=\"150\" height=\"100\" src=\"https:\/\/halfmarathon.poznan.pl\/en\/wp-content\/uploads\/2016\/11\/9.PKO-Pozna\u0144-P\u00f3\u0142maraton.-Foto-Jakub-Kaczmarczyk-4-150x100.jpg\" class=\"attachment-thumbnail size-thumbnail\" alt=\"\" decoding=\"async\" loading=\"lazy\" srcset=\"https:\/\/halfmarathon.poznan.pl\/en\/wp-content\/uploads\/2016\/11\/9.PKO-Pozna\u0144-P\u00f3\u0142maraton.-Foto-Jakub-Kaczmarczyk-4-150x100.jpg 150w, https:\/\/halfmarathon.poznan.pl\/en\/wp-content\/uploads\/2016\/11\/9.PKO-Pozna\u0144-P\u00f3\u0142maraton.-Foto-Jakub-Kaczmarczyk-4-2000x1335.jpg 2000w, https:\/\/halfmarathon.poznan.pl\/en\/wp-content\/uploads\/2016\/11\/9.PKO-Pozna\u0144-P\u00f3\u0142maraton.-Foto-Jakub-Kaczmarczyk-4-1230x821.jpg 1230w\" sizes=\"(max-width: 150px) 100vw, 150px\" \/><\/a>\n\t\t\t<\/dt><\/dl><dl class='gallery-item'>\n\t\t\t<dt class='gallery-icon landscape'>\n\t\t\t\t<a href='https:\/\/halfmarathon.poznan.pl\/en\/wp-content\/uploads\/2016\/11\/9.PKO-Pozna\u0144-P\u00f3\u0142maraton.-Foto-Przemys\u0142aw-Szyszka-1.jpg'><img width=\"150\" height=\"100\" src=\"https:\/\/halfmarathon.poznan.pl\/en\/wp-content\/uploads\/2016\/11\/9.PKO-Pozna\u0144-P\u00f3\u0142maraton.-Foto-Przemys\u0142aw-Szyszka-1-150x100.jpg\" class=\"attachment-thumbnail size-thumbnail\" alt=\"\" decoding=\"async\" loading=\"lazy\" srcset=\"https:\/\/halfmarathon.poznan.pl\/en\/wp-content\/uploads\/2016\/11\/9.PKO-Pozna\u0144-P\u00f3\u0142maraton.-Foto-Przemys\u0142aw-Szyszka-1-150x100.jpg 150w, https:\/\/halfmarathon.poznan.pl\/en\/wp-content\/uploads\/2016\/11\/9.PKO-Pozna\u0144-P\u00f3\u0142maraton.-Foto-Przemys\u0142aw-Szyszka-1-2000x1333.jpg 2000w, https:\/\/halfmarathon.poznan.pl\/en\/wp-content\/uploads\/2016\/11\/9.PKO-Pozna\u0144-P\u00f3\u0142maraton.-Foto-Przemys\u0142aw-Szyszka-1-1230x820.jpg 1230w\" sizes=\"(max-width: 150px) 100vw, 150px\" \/><\/a>\n\t\t\t<\/dt><\/dl><dl class='gallery-item'>\n\t\t\t<dt class='gallery-icon landscape'>\n\t\t\t\t<a href='https:\/\/halfmarathon.poznan.pl\/en\/wp-content\/uploads\/2016\/11\/9.PKO-Pozna\u0144-P\u00f3\u0142maraton.-Foto-Przemys\u0142aw-Szyszka-2.jpg'><img width=\"150\" height=\"100\" src=\"https:\/\/halfmarathon.poznan.pl\/en\/wp-content\/uploads\/2016\/11\/9.PKO-Pozna\u0144-P\u00f3\u0142maraton.-Foto-Przemys\u0142aw-Szyszka-2-150x100.jpg\" class=\"attachment-thumbnail size-thumbnail\" alt=\"\" decoding=\"async\" loading=\"lazy\" srcset=\"https:\/\/halfmarathon.poznan.pl\/en\/wp-content\/uploads\/2016\/11\/9.PKO-Pozna\u0144-P\u00f3\u0142maraton.-Foto-Przemys\u0142aw-Szyszka-2-150x100.jpg 150w, https:\/\/halfmarathon.poznan.pl\/en\/wp-content\/uploads\/2016\/11\/9.PKO-Pozna\u0144-P\u00f3\u0142maraton.-Foto-Przemys\u0142aw-Szyszka-2-2000x1333.jpg 2000w, https:\/\/halfmarathon.poznan.pl\/en\/wp-content\/uploads\/2016\/11\/9.PKO-Pozna\u0144-P\u00f3\u0142maraton.-Foto-Przemys\u0142aw-Szyszka-2-1230x820.jpg 1230w\" sizes=\"(max-width: 150px) 100vw, 150px\" \/><\/a>\n\t\t\t<\/dt><\/dl><br style=\"clear: both\" \/><dl class='gallery-item'>\n\t\t\t<dt class='gallery-icon landscape'>\n\t\t\t\t<a href='https:\/\/halfmarathon.poznan.pl\/en\/wp-content\/uploads\/2016\/11\/9.PKO-Pozna\u0144-P\u00f3\u0142maraton.-Foto-Przemys\u0142aw-Szyszka-3.jpg'><img width=\"150\" height=\"99\" src=\"https:\/\/halfmarathon.poznan.pl\/en\/wp-content\/uploads\/2016\/11\/9.PKO-Pozna\u0144-P\u00f3\u0142maraton.-Foto-Przemys\u0142aw-Szyszka-3-150x99.jpg\" class=\"attachment-thumbnail size-thumbnail\" alt=\"\" decoding=\"async\" loading=\"lazy\" srcset=\"https:\/\/halfmarathon.poznan.pl\/en\/wp-content\/uploads\/2016\/11\/9.PKO-Pozna\u0144-P\u00f3\u0142maraton.-Foto-Przemys\u0142aw-Szyszka-3-150x99.jpg 150w, https:\/\/halfmarathon.poznan.pl\/en\/wp-content\/uploads\/2016\/11\/9.PKO-Pozna\u0144-P\u00f3\u0142maraton.-Foto-Przemys\u0142aw-Szyszka-3-2000x1333.jpg 2000w, https:\/\/halfmarathon.poznan.pl\/en\/wp-content\/uploads\/2016\/11\/9.PKO-Pozna\u0144-P\u00f3\u0142maraton.-Foto-Przemys\u0142aw-Szyszka-3-1230x819.jpg 1230w\" sizes=\"(max-width: 150px) 100vw, 150px\" \/><\/a>\n\t\t\t<\/dt><\/dl><dl class='gallery-item'>\n\t\t\t<dt class='gallery-icon landscape'>\n\t\t\t\t<a href='https:\/\/halfmarathon.poznan.pl\/en\/wp-content\/uploads\/2016\/11\/9.PKO-Pozna\u0144-P\u00f3\u0142maraton.-Foto-Przemys\u0142aw-Szyszka-4.jpg'><img width=\"150\" height=\"100\" src=\"https:\/\/halfmarathon.poznan.pl\/en\/wp-content\/uploads\/2016\/11\/9.PKO-Pozna\u0144-P\u00f3\u0142maraton.-Foto-Przemys\u0142aw-Szyszka-4-150x100.jpg\" class=\"attachment-thumbnail size-thumbnail\" alt=\"\" decoding=\"async\" loading=\"lazy\" srcset=\"https:\/\/halfmarathon.poznan.pl\/en\/wp-content\/uploads\/2016\/11\/9.PKO-Pozna\u0144-P\u00f3\u0142maraton.-Foto-Przemys\u0142aw-Szyszka-4-150x100.jpg 150w, https:\/\/halfmarathon.poznan.pl\/en\/wp-content\/uploads\/2016\/11\/9.PKO-Pozna\u0144-P\u00f3\u0142maraton.-Foto-Przemys\u0142aw-Szyszka-4-2000x1333.jpg 2000w, https:\/\/halfmarathon.poznan.pl\/en\/wp-content\/uploads\/2016\/11\/9.PKO-Pozna\u0144-P\u00f3\u0142maraton.-Foto-Przemys\u0142aw-Szyszka-4-1230x820.jpg 1230w\" sizes=\"(max-width: 150px) 100vw, 150px\" \/><\/a>\n\t\t\t<\/dt><\/dl><dl class='gallery-item'>\n\t\t\t<dt class='gallery-icon landscape'>\n\t\t\t\t<a href='https:\/\/halfmarathon.poznan.pl\/en\/wp-content\/uploads\/2016\/11\/9.PKO-Pozna\u0144-P\u00f3\u0142maraton.-Foto-Przemys\u0142aw-Szyszka-5.jpg'><img width=\"150\" height=\"100\" src=\"https:\/\/halfmarathon.poznan.pl\/en\/wp-content\/uploads\/2016\/11\/9.PKO-Pozna\u0144-P\u00f3\u0142maraton.-Foto-Przemys\u0142aw-Szyszka-5-150x100.jpg\" class=\"attachment-thumbnail size-thumbnail\" alt=\"\" decoding=\"async\" loading=\"lazy\" srcset=\"https:\/\/halfmarathon.poznan.pl\/en\/wp-content\/uploads\/2016\/11\/9.PKO-Pozna\u0144-P\u00f3\u0142maraton.-Foto-Przemys\u0142aw-Szyszka-5-150x100.jpg 150w, https:\/\/halfmarathon.poznan.pl\/en\/wp-content\/uploads\/2016\/11\/9.PKO-Pozna\u0144-P\u00f3\u0142maraton.-Foto-Przemys\u0142aw-Szyszka-5-2000x1333.jpg 2000w, https:\/\/halfmarathon.poznan.pl\/en\/wp-content\/uploads\/2016\/11\/9.PKO-Pozna\u0144-P\u00f3\u0142maraton.-Foto-Przemys\u0142aw-Szyszka-5-1230x820.jpg 1230w\" sizes=\"(max-width: 150px) 100vw, 150px\" \/><\/a>\n\t\t\t<\/dt><\/dl><br style=\"clear: both\" \/>\n\t\t<\/div>\n<\/td>\n<\/tr>\n<\/tbody>\n<\/table>\n<h3>Course:<\/h3>\n<p><center><br \/>\n<iframe loading=\"lazy\" src=\"https:\/\/www.youtube.com\/embed\/2vtVUQBtrv4\" height=\"315\" width=\"560\" allowfullscreen=\"\" frameborder=\"0\"><\/iframe><\/center><\/p>\n<h3>Multimedia:<\/h3>\n<p><center><br \/>\n<iframe loading=\"lazy\" src=\"https:\/\/www.youtube.com\/embed\/GTj9CfYAbJw\" height=\"315\" width=\"560\" allowfullscreen=\"\" frameborder=\"0\"><\/iframe><\/center><\/p>\n<h3>Results<\/h3>\n<ul>\n<li><a href=\"http:\/\/halfmarathon.poznan.pl\/images\/wyniki\/9PoznanPolmaraton-biegacze.pdf\" target=\"_blank\">runners<\/a><\/li>\n<\/ul>\n","protected":false},"excerpt":{"rendered":"<p>9Pozna\u0144 Half Marathon Medal Gallery: Course: Multimedia: Results runners<\/p>\n","protected":false},"author":1,"featured_media":0,"parent":1372,"menu_order":28,"comment_status":"closed","ping_status":"closed","template":"page-templates\/historia.php","meta":[],"_links":{"self":[{"href":"https:\/\/halfmarathon.poznan.pl\/en\/wp-json\/wp\/v2\/pages\/1662"}],"collection":[{"href":"https:\/\/halfmarathon.poznan.pl\/en\/wp-json\/wp\/v2\/pages"}],"about":[{"href":"https:\/\/halfmarathon.poznan.pl\/en\/wp-json\/wp\/v2\/types\/page"}],"author":[{"embeddable":true,"href":"https:\/\/halfmarathon.poznan.pl\/en\/wp-json\/wp\/v2\/users\/1"}],"replies":[{"embeddable":true,"href":"https:\/\/halfmarathon.poznan.pl\/en\/wp-json\/wp\/v2\/comments?post=1662"}],"version-history":[{"count":5,"href":"https:\/\/halfmarathon.poznan.pl\/en\/wp-json\/wp\/v2\/pages\/1662\/revisions"}],"predecessor-version":[{"id":1701,"href":"https:\/\/halfmarathon.poznan.pl\/en\/wp-json\/wp\/v2\/pages\/1662\/revisions\/1701"}],"up":[{"embeddable":true,"href":"https:\/\/halfmarathon.poznan.pl\/en\/wp-json\/wp\/v2\/pages\/1372"}],"wp:attachment":[{"href":"https:\/\/halfmarathon.poznan.pl\/en\/wp-json\/wp\/v2\/media?parent=1662"}],"curies":[{"name":"wp","href":"https:\/\/api.w.org\/{rel}","templated":true}]}}