{"id":1009,"date":"2015-02-24T10:02:01","date_gmt":"2015-02-24T09:02:01","guid":{"rendered":"http:\/\/halfmarathon.poznan.pl\/en\/?page_id=1009"},"modified":"2024-02-26T11:27:13","modified_gmt":"2024-02-26T10:27:13","slug":"video","status":"publish","type":"page","link":"http:\/\/halfmarathon.poznan.pl\/en\/video\/","title":{"rendered":"Video"},"content":{"rendered":"<h2>16. PKO Pozna\u0144 Halfmarathon &#8211; car view<\/h2>\n<p><iframe style=\"width: 100%; aspect-ratio: 16\/9;\" src=\"https:\/\/www.youtube.com\/embed\/nFV9SnuMXfI?si=D1jtrf_sTgZwsLoP\" title=\"YouTube video player\" frameborder=\"0\" allow=\"accelerometer; autoplay; clipboard-write; encrypted-media; gyroscope; picture-in-picture; web-share\" allowfullscreen><\/iframe><\/p>\n<h2>16. PKO Pozna\u0144 Halfmarathon &#8211; Route presentation<\/h2>\n<p><iframe style=\"width: 100%; aspect-ratio: 16\/9;\" src=\"https:\/\/www.youtube.com\/embed\/g54mevgDL1U?si=N8Kr5JEm9uH6tqrv\" title=\"YouTube video player\" frameborder=\"0\" allow=\"accelerometer; autoplay; clipboard-write; encrypted-media; gyroscope; picture-in-picture; web-share\" allowfullscreen><\/iframe><\/p>\n<h2>16. PKO Pozna\u0144 Halfmarathon &#8211; teaser<\/h2>\n<p><iframe style=\"width: 100%; aspect-ratio: 16\/9;\" src=\"https:\/\/www.youtube.com\/embed\/I9TNqeehfYM?si=leA_FIpsW-vegyol\" title=\"YouTube video player\" frameborder=\"0\" allow=\"accelerometer; autoplay; clipboard-write; encrypted-media; gyroscope; picture-in-picture; web-share\" allowfullscreen><\/iframe><\/p>\n<h2>15. Pozna\u0144 Halfmarathon \u2013 live broadcast<\/h2>\n<p><iframe style=\"width: 100%; aspect-ratio: 16\/9;\" title=\"YouTube video player\" src=\"https:\/\/www.youtube.com\/embed\/rHwH9q0WO5w\" frameborder=\"0\" allowfullscreen=\"allowfullscreen\"><\/iframe><\/p>\n<h2>15. Pozna\u0144 Halfmarathon &#8211; course presentation<\/h2>\n<p><iframe style=\"width: 100%; aspect-ratio: 16\/9;\" title=\"YouTube video player\" src=\"https:\/\/www.youtube.com\/embed\/LoC_kNiJSbM\" frameborder=\"0\" allowfullscreen=\"allowfullscreen\"><\/iframe><br \/>\n<iframe style=\"width: 100%; aspect-ratio: 16\/9;\" title=\"YouTube video player\" src=\"https:\/\/www.youtube.com\/embed\/wkRq8IjeRb8\" frameborder=\"0\" allowfullscreen=\"allowfullscreen\"><\/iframe><\/p>\n<h2>15. Pozna\u0144 Halfmarathon &#8211; teaser<\/h2>\n<p><iframe style=\"width: 100%; aspect-ratio: 16\/9;\" title=\"YouTube video player\" src=\"https:\/\/www.youtube.com\/embed\/aBBJ_gztEOo\" frameborder=\"0\" allowfullscreen=\"allowfullscreen\"><\/iframe><\/p>\n","protected":false},"excerpt":{"rendered":"<p>16. PKO Pozna\u0144 Halfmarathon &#8211; car view 16. PKO Pozna\u0144 Halfmarathon &#8211; Route presentation 16. PKO Pozna\u0144 Halfmarathon &#8211; teaser 15. Pozna\u0144 Halfmarathon \u2013 live broadcast 15. Pozna\u0144 Halfmarathon &#8211; course presentation 15. Pozna\u0144 Halfmarathon &#8211; teaser<\/p>\n","protected":false},"author":1,"featured_media":0,"parent":0,"menu_order":41,"comment_status":"closed","ping_status":"closed","template":"page-templates\/belka-patron.php","meta":[],"_links":{"self":[{"href":"http:\/\/halfmarathon.poznan.pl\/en\/wp-json\/wp\/v2\/pages\/1009"}],"collection":[{"href":"http:\/\/halfmarathon.poznan.pl\/en\/wp-json\/wp\/v2\/pages"}],"about":[{"href":"http:\/\/halfmarathon.poznan.pl\/en\/wp-json\/wp\/v2\/types\/page"}],"author":[{"embeddable":true,"href":"http:\/\/halfmarathon.poznan.pl\/en\/wp-json\/wp\/v2\/users\/1"}],"replies":[{"embeddable":true,"href":"http:\/\/halfmarathon.poznan.pl\/en\/wp-json\/wp\/v2\/comments?post=1009"}],"version-history":[{"count":45,"href":"http:\/\/halfmarathon.poznan.pl\/en\/wp-json\/wp\/v2\/pages\/1009\/revisions"}],"predecessor-version":[{"id":3586,"href":"http:\/\/halfmarathon.poznan.pl\/en\/wp-json\/wp\/v2\/pages\/1009\/revisions\/3586"}],"wp:attachment":[{"href":"http:\/\/halfmarathon.poznan.pl\/en\/wp-json\/wp\/v2\/media?parent=1009"}],"curies":[{"name":"wp","href":"https:\/\/api.w.org\/{rel}","templated":true}]}}